{"id":68042,"date":"2024-11-02T17:43:50","date_gmt":"2024-11-02T17:43:50","guid":{"rendered":"https:\/\/phytowall.ee\/product\/phytowall-gift-card\/"},"modified":"2024-11-08T10:10:43","modified_gmt":"2024-11-08T10:10:43","slug":"phytowall-gift-card","status":"publish","type":"product","link":"https:\/\/phytowall.ee\/fi\/tuote\/phytowall-gift-card\/","title":{"rendered":"Phytowall Lahjakortti"},"content":{"rendered":"<p><strong>Phytowall Lahjakortti <\/strong><\/p>\n<p>Phytowall lahjakortti on erinomainen lahja heille, jotka arvostavat luontoa ja kodikasta tunnelmaa sisustuksessa! S\u00e4il\u00f6tyist\u00e4 kasveista valmistettu kasvisein\u00e4mme tuo raikkautta ja harmoniaa mihin tahansa tilaan. Kortin haltija voi valita ainutlaatuisen vihre\u00e4n sisustuselementin kotiin tai toimistoon. Kortti on voimassa 3 vuotta, mik\u00e4 mahdollistaa valinnan tekemisen itselle sopivana aikana. Jaa luonnon ilo Phytowall-lahjakortilla!<\/p>\n","protected":false},"excerpt":{"rendered":"<p>Phytowall Lahjakortti<\/p>\n","protected":false},"featured_media":68033,"comment_status":"open","ping_status":"closed","template":"","meta":{"_monsterinsights_skip_tracking":false,"_monsterinsights_sitenote_active":false,"_monsterinsights_sitenote_note":"","_monsterinsights_sitenote_category":0},"product_brand":[],"product_cat":[1432,492,489,483,480,498],"product_tag":[591],"class_list":{"0":"post-68042","1":"product","2":"type-product","3":"status-publish","4":"has-post-thumbnail","6":"product_cat-gift-collection-fi","7":"product_cat-small-moss-art-fi","8":"product_cat-rose-in-glass-fi","9":"product_cat-preserved-plants-flowers-fi","10":"product_cat-preserved-moss-fi","11":"product_cat-wall-moss-art-fi","12":"product_tag-bestseller-fi","14":"first","15":"instock","16":"taxable","17":"shipping-taxable","18":"purchasable","19":"product-type-pw-gift-card"},"_links":{"self":[{"href":"https:\/\/phytowall.ee\/fi\/wp-json\/wp\/v2\/product\/68042","targetHints":{"allow":["GET"]}}],"collection":[{"href":"https:\/\/phytowall.ee\/fi\/wp-json\/wp\/v2\/product"}],"about":[{"href":"https:\/\/phytowall.ee\/fi\/wp-json\/wp\/v2\/types\/product"}],"replies":[{"embeddable":true,"href":"https:\/\/phytowall.ee\/fi\/wp-json\/wp\/v2\/comments?post=68042"}],"wp:featuredmedia":[{"embeddable":true,"href":"https:\/\/phytowall.ee\/fi\/wp-json\/wp\/v2\/media\/68033"}],"wp:attachment":[{"href":"https:\/\/phytowall.ee\/fi\/wp-json\/wp\/v2\/media?parent=68042"}],"wp:term":[{"taxonomy":"product_brand","embeddable":true,"href":"https:\/\/phytowall.ee\/fi\/wp-json\/wp\/v2\/product_brand?post=68042"},{"taxonomy":"product_cat","embeddable":true,"href":"https:\/\/phytowall.ee\/fi\/wp-json\/wp\/v2\/product_cat?post=68042"},{"taxonomy":"product_tag","embeddable":true,"href":"https:\/\/phytowall.ee\/fi\/wp-json\/wp\/v2\/product_tag?post=68042"}],"curies":[{"name":"wp","href":"https:\/\/api.w.org\/{rel}","templated":true}]}}