{"id":68246,"date":"2024-11-15T19:51:07","date_gmt":"2024-11-15T19:51:07","guid":{"rendered":"https:\/\/phytowall.ee\/product\/moss-picture-midnight-forest-1200-x-900-mm\/"},"modified":"2024-11-15T20:06:19","modified_gmt":"2024-11-15T20:06:19","slug":"moss-picture-midnight-forest-1200-x-900-mm","status":"publish","type":"product","link":"https:\/\/phytowall.ee\/fi\/tuote\/moss-picture-midnight-forest-1200-x-900-mm\/","title":{"rendered":"Sammaltaulu Midnight forest 1200 x 900 mm"},"content":{"rendered":"<p>Sammaltaulu Midnight forest 1200 x 900 mm<\/p>\n<ul>\n<li>100% NATURAL<\/li>\n<li>0% CARE<\/li>\n<li>NO WATER NEEDED<\/li>\n<\/ul>\n<p>Materiaalit: stabiloitu sammal, stabiloitu kasvit<\/p>\n<p class=\"p1\"><span class=\"s2\">Arvioitu toimitusaika: 2\u20133 viikkoa<\/span><\/p>\n<p class=\"p1\"><span class=\"s2\">Vain sis\u00e4k\u00e4ytt\u00f6\u00f6n \/ \u00c4l\u00e4 kastele \/ \u00c4l\u00e4 altista auringonvalolle \/ Pid\u00e4 loitolla l\u00e4mm\u00f6nl\u00e4hteist\u00e4.<\/span><\/p>\n","protected":false},"excerpt":{"rendered":"<p>Sammaltaulu Midnight forest 1200 x 900 mm<\/p>\n<ul>\n<li>100% NATURAL<\/li>\n<li>0% CARE<\/li>\n<li>NO WATER NEEDED<\/li>\n<\/ul>\n","protected":false},"featured_media":68241,"comment_status":"open","ping_status":"closed","template":"","meta":{"_monsterinsights_skip_tracking":false,"_monsterinsights_sitenote_active":false,"_monsterinsights_sitenote_note":"","_monsterinsights_sitenote_category":0},"product_brand":[],"product_cat":[498],"product_tag":[559,616,558],"class_list":{"0":"post-68246","1":"product","2":"type-product","3":"status-publish","4":"has-post-thumbnail","6":"product_cat-wall-moss-art-fi","7":"product_tag-plants-fi","8":"product_tag-dark-fi","9":"product_tag-big-fi","11":"first","12":"instock","13":"taxable","14":"shipping-taxable","15":"purchasable","16":"product-type-variable"},"_links":{"self":[{"href":"https:\/\/phytowall.ee\/fi\/wp-json\/wp\/v2\/product\/68246","targetHints":{"allow":["GET"]}}],"collection":[{"href":"https:\/\/phytowall.ee\/fi\/wp-json\/wp\/v2\/product"}],"about":[{"href":"https:\/\/phytowall.ee\/fi\/wp-json\/wp\/v2\/types\/product"}],"replies":[{"embeddable":true,"href":"https:\/\/phytowall.ee\/fi\/wp-json\/wp\/v2\/comments?post=68246"}],"wp:featuredmedia":[{"embeddable":true,"href":"https:\/\/phytowall.ee\/fi\/wp-json\/wp\/v2\/media\/68241"}],"wp:attachment":[{"href":"https:\/\/phytowall.ee\/fi\/wp-json\/wp\/v2\/media?parent=68246"}],"wp:term":[{"taxonomy":"product_brand","embeddable":true,"href":"https:\/\/phytowall.ee\/fi\/wp-json\/wp\/v2\/product_brand?post=68246"},{"taxonomy":"product_cat","embeddable":true,"href":"https:\/\/phytowall.ee\/fi\/wp-json\/wp\/v2\/product_cat?post=68246"},{"taxonomy":"product_tag","embeddable":true,"href":"https:\/\/phytowall.ee\/fi\/wp-json\/wp\/v2\/product_tag?post=68246"}],"curies":[{"name":"wp","href":"https:\/\/api.w.org\/{rel}","templated":true}]}}