{"id":68354,"date":"2024-11-25T14:08:48","date_gmt":"2024-11-25T14:08:48","guid":{"rendered":"https:\/\/phytowall.ee\/product\/moss-picture-stump-120-x-60-cm\/"},"modified":"2024-11-25T14:18:44","modified_gmt":"2024-11-25T14:18:44","slug":"moss-picture-stump-120-x-60-cm","status":"publish","type":"product","link":"https:\/\/phytowall.ee\/fi\/tuote\/moss-picture-stump-120-x-60-cm\/","title":{"rendered":"Sammaltaulu Stump 1200 x 600 mm"},"content":{"rendered":"<p>Sammaltaulu Stump 1200 x 600 mm<\/p>\n<p>100% NATURAL<br \/>\n0% CARE<br \/>\nNO WATER NEEDED<br \/>\nMateriaalit: stabiloitu sammal, stabiloitu kasvit<\/p>\n<p>Arvioitu toimitusaika: 2\u20133 viikkoa<\/p>\n<p>Vain sis\u00e4k\u00e4ytt\u00f6\u00f6n \/ \u00c4l\u00e4 kastele \/ \u00c4l\u00e4 altista auringonvalolle \/ Pid\u00e4 loitolla l\u00e4mm\u00f6nl\u00e4hteist\u00e4.<\/p>\n","protected":false},"excerpt":{"rendered":"<p>Sammaltaulu Stump 1200 x 600 mm<\/p>\n<p>100% NATURAL<br \/>\n0% CARE<br \/>\nNO WATER NEEDED<\/p>\n","protected":false},"featured_media":68349,"comment_status":"open","ping_status":"closed","template":"","meta":{"_monsterinsights_skip_tracking":false,"_monsterinsights_sitenote_active":false,"_monsterinsights_sitenote_note":"","_monsterinsights_sitenote_category":0},"product_brand":[],"product_cat":[498],"product_tag":[591,559,558],"class_list":{"0":"post-68354","1":"product","2":"type-product","3":"status-publish","4":"has-post-thumbnail","6":"product_cat-wall-moss-art-fi","7":"product_tag-bestseller-fi","8":"product_tag-plants-fi","9":"product_tag-big-fi","10":"product_shipping_class-class-iii-fi","12":"first","13":"instock","14":"taxable","15":"shipping-taxable","16":"purchasable","17":"product-type-variable"},"_links":{"self":[{"href":"https:\/\/phytowall.ee\/fi\/wp-json\/wp\/v2\/product\/68354","targetHints":{"allow":["GET"]}}],"collection":[{"href":"https:\/\/phytowall.ee\/fi\/wp-json\/wp\/v2\/product"}],"about":[{"href":"https:\/\/phytowall.ee\/fi\/wp-json\/wp\/v2\/types\/product"}],"replies":[{"embeddable":true,"href":"https:\/\/phytowall.ee\/fi\/wp-json\/wp\/v2\/comments?post=68354"}],"wp:featuredmedia":[{"embeddable":true,"href":"https:\/\/phytowall.ee\/fi\/wp-json\/wp\/v2\/media\/68349"}],"wp:attachment":[{"href":"https:\/\/phytowall.ee\/fi\/wp-json\/wp\/v2\/media?parent=68354"}],"wp:term":[{"taxonomy":"product_brand","embeddable":true,"href":"https:\/\/phytowall.ee\/fi\/wp-json\/wp\/v2\/product_brand?post=68354"},{"taxonomy":"product_cat","embeddable":true,"href":"https:\/\/phytowall.ee\/fi\/wp-json\/wp\/v2\/product_cat?post=68354"},{"taxonomy":"product_tag","embeddable":true,"href":"https:\/\/phytowall.ee\/fi\/wp-json\/wp\/v2\/product_tag?post=68354"}],"curies":[{"name":"wp","href":"https:\/\/api.w.org\/{rel}","templated":true}]}}