{"id":71484,"date":"2025-07-18T11:06:13","date_gmt":"2025-07-18T11:06:13","guid":{"rendered":"https:\/\/phytowall.ee\/product\/reindeer-moss-acoustic-panel-quadro\/"},"modified":"2025-07-18T14:20:42","modified_gmt":"2025-07-18T14:20:42","slug":"reindeer-moss-acoustic-panel-quadro","status":"publish","type":"product","link":"https:\/\/phytowall.ee\/fi\/tuote\/reindeer-moss-acoustic-panel-quadro\/","title":{"rendered":"Poronj\u00e4k\u00e4l\u00e4st\u00e4 valmistettu akustiikkapaneeli Quadro 50 x 50 cm"},"content":{"rendered":"<p>Poronj\u00e4k\u00e4l\u00e4st\u00e4 valmistettu akustiikkapaneeli Quadro 50 x 50 cm<\/p>\n<p>Quadro-akustiikkapaneeleilla on kolmiulotteinen muoto, jonka korkeus on keskelt\u00e4 jopa 10 cm ja joka laskee v\u00e4hitellen reunoja kohti.<\/p>\n<p data-start=\"0\" data-end=\"33\">Materiaalit: s\u00e4il\u00f6tty poronj\u00e4k\u00e4l\u00e4<\/p>\n<p data-start=\"35\" data-end=\"56\" data-is-last-node=\"\" data-is-only-node=\"\">Koko: 50 x 50 x 10 cm<\/p>\n<ul>\n<li><strong data-start=\"128\" data-end=\"150\">100 % LUONNOLLINEN<\/strong><br data-start=\"150\" data-end=\"153\" \/><strong data-start=\"153\" data-end=\"168\">0 % HUOLTOA<\/strong><br data-start=\"168\" data-end=\"171\" \/><strong data-start=\"171\" data-end=\"195\">EI TARVITSE KASTELUA<\/strong><\/li>\n<\/ul>\n<p data-start=\"0\" data-end=\"267\">S\u00e4il\u00f6tyst\u00e4 poronj\u00e4k\u00e4l\u00e4st\u00e4 valmistetut akustiikkapaneelit ovat tyylik\u00e4s ja k\u00e4yt\u00e4nn\u00f6llinen ratkaisu sisustukseen ja tilan akustiikan parantamiseen. Luonnollinen j\u00e4k\u00e4l\u00e4 vaimentaa tehokkaasti \u00e4\u00e4nt\u00e4, v\u00e4hent\u00e4\u00e4 kaikumista ja lis\u00e4\u00e4 akustista mukavuutta miss\u00e4 tahansa tilassa.<\/p>\n<p data-start=\"269\" data-end=\"477\">Yksi s\u00e4il\u00f6tyn j\u00e4k\u00e4l\u00e4n suurimmista eduista on sen t\u00e4ysin huoltovapaa luonne \u2014 se ei tarvitse kastelua, auringonvaloa tai leikkaamista, ja silti s\u00e4ilytt\u00e4\u00e4 el\u00e4v\u00e4n ulkon\u00e4k\u00f6ns\u00e4 ja pehme\u00e4n rakenteensa vuosien ajan.<\/p>\n<p data-start=\"479\" data-end=\"766\">J\u00e4k\u00e4l\u00e4paneelit sopivat erinomaisesti toimistoihin, neuvotteluhuoneisiin, \u00e4\u00e4nitysstudioihin, koteihin, kahviloihin ja julkisiin tiloihin. Ne eiv\u00e4t ainoastaan paranna akustiikkaa, vaan tuovat my\u00f6s ripauksen luontoa sis\u00e4tiloihin, luoden rauhallisen ja esteettisesti miellytt\u00e4v\u00e4n ymp\u00e4rist\u00f6n.<\/p>\n<p data-start=\"768\" data-end=\"1092\" data-is-last-node=\"\" data-is-only-node=\"\">Laaja valikoima j\u00e4k\u00e4l\u00e4n v\u00e4rej\u00e4 mahdollistaa yksil\u00f6llisten ratkaisujen suunnittelun, jotka sopivat kaikenlaisiin sisustustyyleihin \u2014 minimalistisesta ilmeikk\u00e4\u00e4seen ja rohkeaan. Olipa kyseess\u00e4 tehostesein\u00e4, koristeellinen yksityiskohta tai \u00e4\u00e4nt\u00e4 vaimentava ratkaisu, n\u00e4m\u00e4 paneelit voivat muuttaa mink\u00e4 tahansa tilan tunnelman.<\/p>\n<p><strong><em data-start=\"1217\" data-end=\"1319\" data-is-last-node=\"\">Vain sis\u00e4k\u00e4ytt\u00f6\u00f6n \/ \u00c4l\u00e4 kastele \/ \u00c4l\u00e4 altista suoralle auringonvalolle \/ Pid\u00e4 poissa l\u00e4mm\u00f6nl\u00e4hteist\u00e4<\/em><\/strong><\/p>\n","protected":false},"excerpt":{"rendered":"[playlist type=\"video\" ids=\"71540\"]\n<p>&nbsp;<\/p>\n<p>Poronj\u00e4k\u00e4l\u00e4st\u00e4 valmistettu akustiikkapaneeli Quadro 50 x 50 cm<\/p>\n<p>Quadro-akustiikkapaneeleilla on kolmiulotteinen muoto, jonka korkeus on keskelt\u00e4 jopa 10 cm ja joka laskee v\u00e4hitellen reunoja kohti.<\/p>\n<p data-start=\"0\" data-end=\"33\">Materiaalit: s\u00e4il\u00f6tty poronj\u00e4k\u00e4l\u00e4<\/p>\n<p data-start=\"35\" data-end=\"56\" data-is-last-node=\"\" data-is-only-node=\"\">Koko: 50 x 50 x 10 cm<\/p>\n<ul>\n<li><strong data-start=\"128\" data-end=\"150\">100 % LUONNOLLINEN<\/strong><br data-start=\"150\" data-end=\"153\" \/><strong data-start=\"153\" data-end=\"168\">0 % HUOLTOA<\/strong><br data-start=\"168\" data-end=\"171\" \/><strong data-start=\"171\" data-end=\"195\">EI TARVITSE KASTELUA<\/strong><\/li>\n<\/ul>\n","protected":false},"featured_media":71384,"comment_status":"open","ping_status":"closed","template":"","meta":{"_monsterinsights_skip_tracking":false,"_monsterinsights_sitenote_active":false,"_monsterinsights_sitenote_note":"","_monsterinsights_sitenote_category":0},"product_brand":[],"product_cat":[471,506,492],"product_tag":[627,628,625],"class_list":{"0":"post-71484","1":"product","2":"type-product","3":"status-publish","4":"has-post-thumbnail","6":"product_cat-moss-panels-fi","7":"product_cat-products-in-sale-fi","8":"product_cat-small-moss-art-fi","9":"product_tag-sale-fi","10":"product_tag-small-fi","11":"product_tag-reindeer-fi","12":"pa_moss-color-1-clover-green-fi","13":"pa_moss-color-1-mango-fi","14":"pa_moss-color-1-mint-green-fi","15":"pa_moss-color-1-peach-fi","16":"pa_moss-color-1-pink-fi","17":"pa_moss-color-1-purple-fi","18":"pa_moss-color-1-royal-blue-fi","19":"pa_moss-color-1-violet-fi","20":"pa_moss-color-yellow-fi","21":"pa_moss-color-medium-green-fi","22":"pa_moss-color-spring-green-fi","23":"pa_moss-color-lavender-blue-fi","24":"pa_moss-color-natural-fi","25":"pa_moss-color-black-fi","26":"pa_moss-color-olive-fi","27":"pa_moss-color-orange-fi","28":"pa_moss-color-red-fi","29":"pa_moss-color-blue-fi","30":"pa_moss-color-green-fi","31":"pa_moss-color-green-grass-fi","32":"pa_moss-color-green-grass-light-fi","34":"first","35":"instock","36":"sale","37":"taxable","38":"shipping-taxable","39":"purchasable","40":"product-type-variable"},"_links":{"self":[{"href":"https:\/\/phytowall.ee\/fi\/wp-json\/wp\/v2\/product\/71484","targetHints":{"allow":["GET"]}}],"collection":[{"href":"https:\/\/phytowall.ee\/fi\/wp-json\/wp\/v2\/product"}],"about":[{"href":"https:\/\/phytowall.ee\/fi\/wp-json\/wp\/v2\/types\/product"}],"replies":[{"embeddable":true,"href":"https:\/\/phytowall.ee\/fi\/wp-json\/wp\/v2\/comments?post=71484"}],"wp:featuredmedia":[{"embeddable":true,"href":"https:\/\/phytowall.ee\/fi\/wp-json\/wp\/v2\/media\/71384"}],"wp:attachment":[{"href":"https:\/\/phytowall.ee\/fi\/wp-json\/wp\/v2\/media?parent=71484"}],"wp:term":[{"taxonomy":"product_brand","embeddable":true,"href":"https:\/\/phytowall.ee\/fi\/wp-json\/wp\/v2\/product_brand?post=71484"},{"taxonomy":"product_cat","embeddable":true,"href":"https:\/\/phytowall.ee\/fi\/wp-json\/wp\/v2\/product_cat?post=71484"},{"taxonomy":"product_tag","embeddable":true,"href":"https:\/\/phytowall.ee\/fi\/wp-json\/wp\/v2\/product_tag?post=71484"}],"curies":[{"name":"wp","href":"https:\/\/api.w.org\/{rel}","templated":true}]}}