{"id":74034,"date":"2025-10-27T08:31:28","date_gmt":"2025-10-27T08:31:28","guid":{"rendered":"https:\/\/phytowall.ee\/product\/preserved-bonsai-in-a-gift-box-with-led-light\/"},"modified":"2025-10-27T08:39:29","modified_gmt":"2025-10-27T08:39:29","slug":"preserved-bonsai-in-a-gift-box-with-led-light","status":"publish","type":"product","link":"https:\/\/phytowall.ee\/fi\/tuote\/preserved-bonsai-in-a-gift-box-with-led-light\/","title":{"rendered":"Stabiloitu bonsai lahjarasiassa LED-valolla"},"content":{"rendered":"<p><!--StartFragment --><\/p>\n<p><strong>Stabiloitu bonsai lahjarasiassa LED-valolla<\/strong><\/p>\n<p>Etsitk\u00f6 t\u00e4ydellist\u00e4 lahjaa, joka yhdist\u00e4\u00e4 eleganssin, rauhan ja luonnon kosketuksen? T\u00e4m\u00e4 taidokkaasti valmistettu bonsai-puu on asetettu laadukkaaseen lahjarasiaan ja valaistu pehme\u00e4ll\u00e4 sis\u00e4\u00e4nrakennetulla LED-valolla \u2014 ihanteellinen lahja jokaiseen tilanteeseen.<\/p>\n<ul>\n<li><strong>Rauhan, tasapainon ja pitk\u00e4n i\u00e4n symboli<\/strong><\/li>\n<li><strong>Tyylik\u00e4s esillepano hienossa lahjapakkauksessa<\/strong><\/li>\n<li><strong>Pehme\u00e4 LED-valo luo l\u00e4mp\u00f6\u00e4 ja tunnelmaa<\/strong><\/li>\n<li><strong>Sopii syntym\u00e4p\u00e4iville, vuosip\u00e4iville, tupaantuliaisiin ja yrityslahjoiksi<\/strong><\/li>\n<\/ul>\n<p>Olipa kyseess\u00e4 erityinen hetki tai haluat vain yll\u00e4tt\u00e4\u00e4 jonkun ainutlaatuisella ja syd\u00e4mellisell\u00e4 lahjalla \u2014 t\u00e4m\u00e4 bonsai tuo kauneutta ja rauhaa yhteen s\u00e4ihkyv\u00e4\u00e4n pakkaukseen.<\/p>\n<p><strong>Bonsain koko:<\/strong> korkeus 20 cm<br \/>\n<strong>Lahjarasian koko:<\/strong> korkeus 32 cm, leveys 18 cm, syvyys 14 cm<\/p>\n<p><!--EndFragment --><\/p>\n<p><!--EndFragment --><\/p>\n","protected":false},"excerpt":{"rendered":"<p><strong>Stabiloitu bonsai lahjarasiassa LED-valolla<\/strong><\/p>\n<p>Etsitk\u00f6 t\u00e4ydellist\u00e4 lahjaa, joka yhdist\u00e4\u00e4 eleganssin, rauhan ja luonnon kosketuksen? T\u00e4m\u00e4 taidokkaasti valmistettu bonsai-puu on asetettu laadukkaaseen lahjarasiaan ja valaistu pehme\u00e4ll\u00e4 sis\u00e4\u00e4nrakennetulla LED-valolla \u2014 ihanteellinen lahja jokaiseen tilanteeseen.<\/p>\n<p>Olipa kyseess\u00e4 erityinen hetki tai haluat vain yll\u00e4tt\u00e4\u00e4 jonkun ainutlaatuisella ja syd\u00e4mellisell\u00e4 lahjalla \u2014 t\u00e4m\u00e4 bonsai tuo kauneutta ja rauhaa yhteen s\u00e4ihkyv\u00e4\u00e4n pakkaukseen.<\/p>\n<p><strong>Bonsain koko:<\/strong> korkeus 20 cm<br \/>\n<strong>Lahjarasian koko:<\/strong> korkeus 32 cm, leveys 18 cm, syvyys 14 cm<\/p>\n","protected":false},"featured_media":74031,"comment_status":"open","ping_status":"closed","template":"","meta":{"_monsterinsights_skip_tracking":false,"_monsterinsights_sitenote_active":false,"_monsterinsights_sitenote_note":"","_monsterinsights_sitenote_category":0},"product_brand":[],"product_cat":[474,1432],"product_tag":[1194],"class_list":{"0":"post-74034","1":"product","2":"type-product","3":"status-publish","4":"has-post-thumbnail","6":"product_cat-other-products-fi","7":"product_cat-gift-collection-fi","8":"product_tag-bonsai-fi","9":"product_shipping_class-class-i-fi","10":"pa_size-20-cm-fi","11":"pa_size-25-cm-fi","13":"first","14":"instock","15":"taxable","16":"shipping-taxable","17":"purchasable","18":"product-type-variable"},"_links":{"self":[{"href":"https:\/\/phytowall.ee\/fi\/wp-json\/wp\/v2\/product\/74034","targetHints":{"allow":["GET"]}}],"collection":[{"href":"https:\/\/phytowall.ee\/fi\/wp-json\/wp\/v2\/product"}],"about":[{"href":"https:\/\/phytowall.ee\/fi\/wp-json\/wp\/v2\/types\/product"}],"replies":[{"embeddable":true,"href":"https:\/\/phytowall.ee\/fi\/wp-json\/wp\/v2\/comments?post=74034"}],"wp:featuredmedia":[{"embeddable":true,"href":"https:\/\/phytowall.ee\/fi\/wp-json\/wp\/v2\/media\/74031"}],"wp:attachment":[{"href":"https:\/\/phytowall.ee\/fi\/wp-json\/wp\/v2\/media?parent=74034"}],"wp:term":[{"taxonomy":"product_brand","embeddable":true,"href":"https:\/\/phytowall.ee\/fi\/wp-json\/wp\/v2\/product_brand?post=74034"},{"taxonomy":"product_cat","embeddable":true,"href":"https:\/\/phytowall.ee\/fi\/wp-json\/wp\/v2\/product_cat?post=74034"},{"taxonomy":"product_tag","embeddable":true,"href":"https:\/\/phytowall.ee\/fi\/wp-json\/wp\/v2\/product_tag?post=74034"}],"curies":[{"name":"wp","href":"https:\/\/api.w.org\/{rel}","templated":true}]}}