{"id":74640,"date":"2026-01-10T10:54:32","date_gmt":"2026-01-10T10:54:32","guid":{"rendered":"https:\/\/phytowall.ee\/product\/preserved-moss-picture-25-x-25-cm-in-a-gift-box-with-led-lighting\/"},"modified":"2026-01-10T11:02:16","modified_gmt":"2026-01-10T11:02:16","slug":"preserved-moss-picture-25-x-25-cm-in-a-gift-box-with-led-lighting","status":"publish","type":"product","link":"https:\/\/phytowall.ee\/fi\/tuote\/preserved-moss-picture-25-x-25-cm-in-a-gift-box-with-led-lighting\/","title":{"rendered":"S\u00e4ilytetty sammakuvio 25 \u00d7 25 cm lahjarasiassa LED-valaistuksella"},"content":{"rendered":"<div class=\"flex flex-col text-sm pb-25\">\n<article class=\"text-token-text-primary w-full focus:outline-none [--shadow-height:45px] has-data-writing-block:pointer-events-none has-data-writing-block:-mt-(--shadow-height) has-data-writing-block:pt-(--shadow-height) [&amp;:has([data-writing-block])&gt;*]:pointer-events-auto scroll-mt-[calc(var(--header-height)+min(200px,max(70px,20svh)))]\" dir=\"auto\" tabindex=\"-1\" data-turn-id=\"f36edefe-042b-4a82-9579-0d5df63e0ddf\" data-testid=\"conversation-turn-72\" data-scroll-anchor=\"true\" data-turn=\"assistant\">\n<div class=\"text-base my-auto mx-auto pb-10 [--thread-content-margin:--spacing(4)] @w-sm\/main:[--thread-content-margin:--spacing(6)] @w-lg\/main:[--thread-content-margin:--spacing(16)] px-(--thread-content-margin)\">\n<div class=\"[--thread-content-max-width:40rem] @w-lg\/main:[--thread-content-max-width:48rem] mx-auto max-w-(--thread-content-max-width) flex-1 group\/turn-messages focus-visible:outline-hidden relative flex w-full min-w-0 flex-col agent-turn\" tabindex=\"-1\">\n<div class=\"flex max-w-full flex-col grow\">\n<div class=\"min-h-8 text-message relative flex w-full flex-col items-end gap-2 text-start break-words whitespace-normal [.text-message+&amp;]:mt-1\" dir=\"auto\" data-message-author-role=\"assistant\" data-message-id=\"ce66f01b-23d1-4549-a887-57b55c48b9b8\" data-message-model-slug=\"gpt-5-mini\">\n<div class=\"flex w-full flex-col gap-1 empty:hidden first:pt-[1px]\">\n<div class=\"markdown prose dark:prose-invert w-full break-words dark markdown-new-styling\">\n<p data-start=\"36\" data-end=\"105\"><strong data-start=\"36\" data-end=\"105\">S\u00e4ilytetty sammakuvio 25 \u00d7 25 cm lahjarasiassa LED-valaistuksella<\/strong><\/p>\n<p data-start=\"107\" data-end=\"361\">Tyylik\u00e4s sisustuselementti, joka ei vaadi huoltoa. Kuva on sijoitettu <strong data-start=\"177\" data-end=\"217\">lahjarasiaan, jossa on LED-valaistus<\/strong>, joka korostaa sammalen tekstuuria pehme\u00e4sti ja luo kodikkaan tunnelman. T\u00e4ydellinen lahjaksi tai luonnolliseksi yksityiskohdaksi sisustukseen.<\/p>\n<p data-start=\"363\" data-end=\"459\">\ud83c\udf3f Ei vaadi kastelua tai huoltoa<br data-start=\"395\" data-end=\"398\" \/>\ud83c\udf81 Lahjaksi valmis pakkaus<br data-start=\"424\" data-end=\"427\" \/>\u2728 LED-valaistus rasian sis\u00e4ll\u00e4<\/p>\n<p data-start=\"461\" data-end=\"523\"><strong data-start=\"461\" data-end=\"482\">100% LUONNOLLINEN<\/strong><br data-start=\"482\" data-end=\"485\" \/><strong data-start=\"485\" data-end=\"499\">0% HUOLTOA<\/strong><br data-start=\"499\" data-end=\"502\" \/><strong data-start=\"502\" data-end=\"523\">EI TARVITSE VETT\u00c4<\/strong><\/p>\n<p data-start=\"525\" data-end=\"594\"><strong data-start=\"525\" data-end=\"541\">Materiaalit:<\/strong> s\u00e4ilytetty sammal, s\u00e4ilytetyt kasvit, puinen kehys<\/p>\n<p data-start=\"596\" data-end=\"636\"><strong data-start=\"596\" data-end=\"622\">Arvioitu toimitusaika:<\/strong> 1\u20132 viikkoa<\/p>\n<p data-start=\"638\" data-end=\"742\"><strong data-start=\"638\" data-end=\"742\">Vain sis\u00e4k\u00e4ytt\u00f6\u00f6n \/ \u00c4l\u00e4 kastele \/ \u00c4l\u00e4 altista suoralle auringonvalolle \/ Pid\u00e4 poissa l\u00e4mm\u00f6nl\u00e4hteist\u00e4<\/strong><\/p>\n<p data-start=\"744\" data-end=\"821\" data-is-last-node=\"\" data-is-only-node=\"\">*V\u00e4ri ja kasvien yhdistelm\u00e4 saattavat poiketa hieman alkuper\u00e4isest\u00e4 kuvasta.<\/p>\n<\/div>\n<\/div>\n<\/div>\n<\/div>\n<div class=\"z-0 flex min-h-[46px] justify-start\"><\/div>\n<div class=\"mt-3 w-full empty:hidden\">\n<div class=\"text-center\"><\/div>\n<\/div>\n<\/div>\n<\/div>\n<\/article>\n<\/div>\n<div class=\"pointer-events-none h-px w-px absolute bottom-0\" aria-hidden=\"true\" data-edge=\"true\"><\/div>\n","protected":false},"excerpt":{"rendered":"<p data-start=\"36\" data-end=\"105\"><strong data-start=\"36\" data-end=\"105\">S\u00e4ilytetty sammakuvio 25 \u00d7 25 cm lahjarasiassa LED-valaistuksella<\/strong><\/p>\n<p data-start=\"107\" data-end=\"361\">Tyylik\u00e4s sisustuselementti, joka ei vaadi huoltoa. Kuva on sijoitettu <strong data-start=\"177\" data-end=\"217\">lahjarasiaan, jossa on LED-valaistus<\/strong>, joka korostaa sammalen tekstuuria pehme\u00e4sti ja luo kodikkaan tunnelman. T\u00e4ydellinen lahjaksi tai luonnolliseksi yksityiskohdaksi sisustukseen.<\/p>\n<p data-start=\"363\" data-end=\"459\">\ud83c\udf3f Ei vaadi kastelua tai huoltoa<br data-start=\"395\" data-end=\"398\" \/>\ud83c\udf81 Lahjaksi valmis pakkaus<br data-start=\"424\" data-end=\"427\" \/>\u2728 LED-valaistus rasian sis\u00e4ll\u00e4<\/p>\n","protected":false},"featured_media":74628,"comment_status":"open","ping_status":"closed","template":"","meta":{"_monsterinsights_skip_tracking":false,"_monsterinsights_sitenote_active":false,"_monsterinsights_sitenote_note":"","_monsterinsights_sitenote_category":0},"product_brand":[],"product_cat":[1432,492],"product_tag":[591,559,628],"class_list":{"0":"post-74640","1":"product","2":"type-product","3":"status-publish","4":"has-post-thumbnail","6":"product_cat-gift-collection-fi","7":"product_cat-small-moss-art-fi","8":"product_tag-bestseller-fi","9":"product_tag-plants-fi","10":"product_tag-small-fi","12":"first","13":"instock","14":"taxable","15":"shipping-taxable","16":"purchasable","17":"product-type-variable"},"_links":{"self":[{"href":"https:\/\/phytowall.ee\/fi\/wp-json\/wp\/v2\/product\/74640","targetHints":{"allow":["GET"]}}],"collection":[{"href":"https:\/\/phytowall.ee\/fi\/wp-json\/wp\/v2\/product"}],"about":[{"href":"https:\/\/phytowall.ee\/fi\/wp-json\/wp\/v2\/types\/product"}],"replies":[{"embeddable":true,"href":"https:\/\/phytowall.ee\/fi\/wp-json\/wp\/v2\/comments?post=74640"}],"wp:featuredmedia":[{"embeddable":true,"href":"https:\/\/phytowall.ee\/fi\/wp-json\/wp\/v2\/media\/74628"}],"wp:attachment":[{"href":"https:\/\/phytowall.ee\/fi\/wp-json\/wp\/v2\/media?parent=74640"}],"wp:term":[{"taxonomy":"product_brand","embeddable":true,"href":"https:\/\/phytowall.ee\/fi\/wp-json\/wp\/v2\/product_brand?post=74640"},{"taxonomy":"product_cat","embeddable":true,"href":"https:\/\/phytowall.ee\/fi\/wp-json\/wp\/v2\/product_cat?post=74640"},{"taxonomy":"product_tag","embeddable":true,"href":"https:\/\/phytowall.ee\/fi\/wp-json\/wp\/v2\/product_tag?post=74640"}],"curies":[{"name":"wp","href":"https:\/\/api.w.org\/{rel}","templated":true}]}}