{"id":74648,"date":"2026-01-10T11:10:35","date_gmt":"2026-01-10T11:10:35","guid":{"rendered":"https:\/\/phytowall.ee\/?post_type=product&#038;p=74648"},"modified":"2026-01-10T11:33:00","modified_gmt":"2026-01-10T11:33:00","slug":"red-rose-in-glass-copy","status":"publish","type":"product","link":"https:\/\/phytowall.ee\/fi\/tuote\/red-rose-in-glass-copy\/","title":{"rendered":"S\u00e4ilytetty ruusu lasikupolissa LED-valaistuksella lahjakassissa"},"content":{"rendered":"<p data-start=\"36\" data-end=\"103\"><strong data-start=\"36\" data-end=\"103\">S\u00e4ilytetty ruusu lasikupolissa LED-valaistuksella lahjakassissa<\/strong><\/p>\n<p data-start=\"105\" data-end=\"181\">S\u00e4ilytetyt ruusut ovat luonnollisia ruusuja, jotka kest\u00e4v\u00e4t jopa 5 vuotta.<\/p>\n<p data-start=\"183\" data-end=\"218\"><strong>Lahjakassi sis\u00e4ltyy toimitukseen.<\/strong><\/p>\n<p data-start=\"220\" data-end=\"259\">Koko: korkeus 27 cm; halkaisija 15 cm<\/p>\n<p data-start=\"261\" data-end=\"307\">Materiaalit: lasi, metalli, s\u00e4ilytetty ruusu<\/p>\n<p data-start=\"309\" data-end=\"413\" data-is-last-node=\"\" data-is-only-node=\"\"><strong data-start=\"309\" data-end=\"413\" data-is-last-node=\"\">Vain sis\u00e4k\u00e4ytt\u00f6\u00f6n \/ \u00c4l\u00e4 kastele \/ \u00c4l\u00e4 altista suoralle auringonvalolle \/ Pid\u00e4 poissa l\u00e4mm\u00f6nl\u00e4hteist\u00e4<\/strong><\/p>\n","protected":false},"excerpt":{"rendered":"<p data-start=\"36\" data-end=\"103\"><strong data-start=\"36\" data-end=\"103\">S\u00e4ilytetty ruusu lasikupolissa LED-valaistuksella lahjakassissa<\/strong><\/p>\n<p data-start=\"105\" data-end=\"181\">S\u00e4ilytetyt ruusut ovat luonnollisia ruusuja, jotka kest\u00e4v\u00e4t jopa 5 vuotta.<\/p>\n<p data-start=\"183\" data-end=\"218\"><strong>Lahjakassi sis\u00e4ltyy toimitukseen.<\/strong><\/p>\n<p>&nbsp;<\/p>\n","protected":false},"featured_media":74568,"comment_status":"open","ping_status":"closed","template":"","meta":{"_monsterinsights_skip_tracking":false,"_monsterinsights_sitenote_active":false,"_monsterinsights_sitenote_note":"","_monsterinsights_sitenote_category":0},"product_brand":[],"product_cat":[1432,489],"product_tag":[618,619],"class_list":{"0":"post-74648","1":"product","2":"type-product","3":"status-publish","4":"has-post-thumbnail","6":"product_cat-gift-collection-fi","7":"product_cat-rose-in-glass-fi","8":"product_tag-flowers-fi","9":"product_tag-glass-fi","10":"product_shipping_class-class-i-fi","11":"pa_color-black-fi","12":"pa_color-blue-fi","13":"pa_color-dark-blue-fi","14":"pa_color-dark-pink-fi","15":"pa_color-light-blue-fi","16":"pa_color-lilac-fi","17":"pa_color-orange-fi","18":"pa_color-pastel-pink-fi","19":"pa_color-peach-fi","20":"pa_color-red-fi","21":"pa_color-white-fi","22":"pa_color-yellow-fi","24":"first","25":"instock","26":"taxable","27":"shipping-taxable","28":"purchasable","29":"product-type-variable"},"_links":{"self":[{"href":"https:\/\/phytowall.ee\/fi\/wp-json\/wp\/v2\/product\/74648","targetHints":{"allow":["GET"]}}],"collection":[{"href":"https:\/\/phytowall.ee\/fi\/wp-json\/wp\/v2\/product"}],"about":[{"href":"https:\/\/phytowall.ee\/fi\/wp-json\/wp\/v2\/types\/product"}],"replies":[{"embeddable":true,"href":"https:\/\/phytowall.ee\/fi\/wp-json\/wp\/v2\/comments?post=74648"}],"wp:featuredmedia":[{"embeddable":true,"href":"https:\/\/phytowall.ee\/fi\/wp-json\/wp\/v2\/media\/74568"}],"wp:attachment":[{"href":"https:\/\/phytowall.ee\/fi\/wp-json\/wp\/v2\/media?parent=74648"}],"wp:term":[{"taxonomy":"product_brand","embeddable":true,"href":"https:\/\/phytowall.ee\/fi\/wp-json\/wp\/v2\/product_brand?post=74648"},{"taxonomy":"product_cat","embeddable":true,"href":"https:\/\/phytowall.ee\/fi\/wp-json\/wp\/v2\/product_cat?post=74648"},{"taxonomy":"product_tag","embeddable":true,"href":"https:\/\/phytowall.ee\/fi\/wp-json\/wp\/v2\/product_tag?post=74648"}],"curies":[{"name":"wp","href":"https:\/\/api.w.org\/{rel}","templated":true}]}}