{"id":74789,"date":"2026-01-29T20:53:14","date_gmt":"2026-01-29T20:53:14","guid":{"rendered":"https:\/\/phytowall.ee\/product\/preserved-bonsai-juniperus-shinboku-60-70-cm\/"},"modified":"2026-01-29T20:56:24","modified_gmt":"2026-01-29T20:56:24","slug":"preserved-bonsai-juniperus-shinboku-60-70-cm","status":"publish","type":"product","link":"https:\/\/phytowall.ee\/fi\/tuote\/preserved-bonsai-juniperus-shinboku-60-70-cm\/","title":{"rendered":"S\u00e4il\u00f6tty bonsai Juniperus Shinboku 60\u201370 cm"},"content":{"rendered":"<p data-start=\"30\" data-end=\"77\"><strong data-start=\"30\" data-end=\"77\">S\u00e4il\u00f6tty bonsai Juniperus Shinboku 60\u201370 cm<\/strong><\/p>\n<p data-start=\"79\" data-end=\"98\"><strong data-start=\"79\" data-end=\"88\">Koko:<\/strong> K60\u201370 cm<\/p>\n<p data-start=\"100\" data-end=\"166\"><strong data-start=\"100\" data-end=\"122\">100 % LUONNOLLINEN<\/strong><br data-start=\"122\" data-end=\"125\" \/><strong data-start=\"125\" data-end=\"139\">0 % HOITOA<\/strong><br data-start=\"139\" data-end=\"142\" \/><strong data-start=\"142\" data-end=\"166\">EI TARVITSE KASTELUA<\/strong><\/p>\n<p data-start=\"168\" data-end=\"625\">T\u00e4m\u00e4 s\u00e4il\u00f6tty bonsai tuo tilaan ajattoman luonnon kosketuksen. Toisin kuin perinteinen bonsai, se ei vaadi kastelua eik\u00e4 erityist\u00e4 hoitoa. Ainutlaatuisen s\u00e4il\u00f6nt\u00e4prosessin ansiosta bonsai s\u00e4ilytt\u00e4\u00e4 luonnollisen kauneutensa ja v\u00e4rins\u00e4 ilman auringonvaloa tai huoltoa. Se sopii erinomaisesti rauhallisen ja harmonisen tunnelman luomiseen niin kotiin kuin toimistoon, lis\u00e4ten sisustukseen elegantin ja rauhoittavan elementin, joka pysyy kauniina ymp\u00e4ri vuoden.<\/p>\n<p data-start=\"627\" data-end=\"731\"><strong data-start=\"627\" data-end=\"731\">Vain sis\u00e4k\u00e4ytt\u00f6\u00f6n \/ \u00c4l\u00e4 kastele \/ \u00c4l\u00e4 altista suoralle auringonvalolle \/ Pid\u00e4 poissa l\u00e4mm\u00f6nl\u00e4hteist\u00e4<\/strong><\/p>\n","protected":false},"excerpt":{"rendered":"<p data-start=\"30\" data-end=\"77\"><strong data-start=\"30\" data-end=\"77\">S\u00e4il\u00f6tty bonsai Juniperus Shinboku 60\u201370 cm<\/strong><\/p>\n<p data-start=\"79\" data-end=\"98\"><strong data-start=\"79\" data-end=\"88\">Koko:<\/strong> K60\u201370 cm<\/p>\n<p data-start=\"100\" data-end=\"166\"><strong data-start=\"100\" data-end=\"122\">100 % LUONNOLLINEN<\/strong><br data-start=\"122\" data-end=\"125\" \/><strong data-start=\"125\" data-end=\"139\">0 % HOITOA<\/strong><br data-start=\"139\" data-end=\"142\" \/><strong data-start=\"142\" data-end=\"166\">EI TARVITSE KASTELUA<\/strong><\/p>\n","protected":false},"featured_media":74786,"comment_status":"open","ping_status":"closed","template":"","meta":{"_monsterinsights_skip_tracking":false,"_monsterinsights_sitenote_active":false,"_monsterinsights_sitenote_note":"","_monsterinsights_sitenote_category":0},"product_brand":[],"product_cat":[474],"product_tag":[1194],"class_list":{"0":"post-74789","1":"product","2":"type-product","3":"status-publish","4":"has-post-thumbnail","6":"product_cat-other-products-fi","7":"product_tag-bonsai-fi","8":"product_shipping_class-class-ii-fi","10":"first","11":"instock","12":"taxable","13":"shipping-taxable","14":"purchasable","15":"product-type-simple"},"_links":{"self":[{"href":"https:\/\/phytowall.ee\/fi\/wp-json\/wp\/v2\/product\/74789","targetHints":{"allow":["GET"]}}],"collection":[{"href":"https:\/\/phytowall.ee\/fi\/wp-json\/wp\/v2\/product"}],"about":[{"href":"https:\/\/phytowall.ee\/fi\/wp-json\/wp\/v2\/types\/product"}],"replies":[{"embeddable":true,"href":"https:\/\/phytowall.ee\/fi\/wp-json\/wp\/v2\/comments?post=74789"}],"wp:featuredmedia":[{"embeddable":true,"href":"https:\/\/phytowall.ee\/fi\/wp-json\/wp\/v2\/media\/74786"}],"wp:attachment":[{"href":"https:\/\/phytowall.ee\/fi\/wp-json\/wp\/v2\/media?parent=74789"}],"wp:term":[{"taxonomy":"product_brand","embeddable":true,"href":"https:\/\/phytowall.ee\/fi\/wp-json\/wp\/v2\/product_brand?post=74789"},{"taxonomy":"product_cat","embeddable":true,"href":"https:\/\/phytowall.ee\/fi\/wp-json\/wp\/v2\/product_cat?post=74789"},{"taxonomy":"product_tag","embeddable":true,"href":"https:\/\/phytowall.ee\/fi\/wp-json\/wp\/v2\/product_tag?post=74789"}],"curies":[{"name":"wp","href":"https:\/\/api.w.org\/{rel}","templated":true}]}}